{"id":11,"date":"2021-02-24T19:10:04","date_gmt":"2021-02-24T18:10:04","guid":{"rendered":"http:\/\/www.mpigne.ovh\/psycho\/?page_id=11"},"modified":"2021-03-08T20:36:45","modified_gmt":"2021-03-08T19:36:45","slug":"ma-formation","status":"publish","type":"page","link":"http:\/\/www.mpigne.ovh\/psycho\/ma-formation\/","title":{"rendered":"Ma formation"},"content":{"rendered":"\n<p class=\"has-text-align-left\">J&rsquo;ai suivi une formation de psychologue \u00e0 l&rsquo;universit\u00e9 Paris 8 o\u00f9 j&rsquo;ai obtenu le M2 de psychologie clinique et de psychoth\u00e9rapie.<\/p>\n\n\n\n<p class=\"has-text-align-left\">Je pratique la psychologie d&rsquo;inspiration int\u00e9grative. Cela signifie que je puise parmi les notions et techniques de plusieurs courants psychologiques en fonction du patient et de sa demande.<\/p>\n\n\n\n<p class=\"has-text-align-left\">Les principaux courants psychologiques dont je m&rsquo;inspire sont les th\u00e9rapies psychodynamiques, les th\u00e9rapies cognitivo &#8211; comportementalistes et les th\u00e9rapies syst\u00e9miques.<\/p>\n\n\n\n<p>J&rsquo;ai effectu\u00e9 des stages en EHPAD, \u00e0 la Maison de l&rsquo;Enfance d&rsquo;Orl\u00e9ans, au Centre M\u00e9dico-Psychologique de La Cigogne et au Centre P\u00e9nitentiaire d&rsquo;Orl\u00e9ans-Saran.<\/p>\n","protected":false},"excerpt":{"rendered":"<p>J&rsquo;ai suivi une formation de psychologue \u00e0 l&rsquo;universit\u00e9 Paris 8 o\u00f9 j&rsquo;ai obtenu le M2 de psychologie clinique et de psychoth\u00e9rapie. Je pratique la psychologie d&rsquo;inspiration int\u00e9grative. Cela signifie que je puise parmi les notions et techniques de plusieurs courants psychologiques en fonction du patient et de sa demande. Les principaux courants psychologiques dont je &hellip; <\/p>\n<p class=\"link-more\"><a href=\"http:\/\/www.mpigne.ovh\/psycho\/ma-formation\/\" class=\"more-link\">Continuer la lecture<span class=\"screen-reader-text\"> de &laquo;&nbsp;Ma formation&nbsp;&raquo;<\/span><\/a><\/p>\n","protected":false},"author":1,"featured_media":0,"parent":0,"menu_order":0,"comment_status":"closed","ping_status":"closed","template":"","meta":[],"_links":{"self":[{"href":"http:\/\/www.mpigne.ovh\/psycho\/wp-json\/wp\/v2\/pages\/11"}],"collection":[{"href":"http:\/\/www.mpigne.ovh\/psycho\/wp-json\/wp\/v2\/pages"}],"about":[{"href":"http:\/\/www.mpigne.ovh\/psycho\/wp-json\/wp\/v2\/types\/page"}],"author":[{"embeddable":true,"href":"http:\/\/www.mpigne.ovh\/psycho\/wp-json\/wp\/v2\/users\/1"}],"replies":[{"embeddable":true,"href":"http:\/\/www.mpigne.ovh\/psycho\/wp-json\/wp\/v2\/comments?post=11"}],"version-history":[{"count":7,"href":"http:\/\/www.mpigne.ovh\/psycho\/wp-json\/wp\/v2\/pages\/11\/revisions"}],"predecessor-version":[{"id":30,"href":"http:\/\/www.mpigne.ovh\/psycho\/wp-json\/wp\/v2\/pages\/11\/revisions\/30"}],"wp:attachment":[{"href":"http:\/\/www.mpigne.ovh\/psycho\/wp-json\/wp\/v2\/media?parent=11"}],"curies":[{"name":"wp","href":"https:\/\/api.w.org\/{rel}","templated":true}]}}