{"id":24,"date":"2021-03-08T20:30:52","date_gmt":"2021-03-08T19:30:52","guid":{"rendered":"http:\/\/www.mpigne.ovh\/psycho\/?page_id=24"},"modified":"2023-05-11T18:57:10","modified_gmt":"2023-05-11T16:57:10","slug":"informations-pratiques","status":"publish","type":"page","link":"http:\/\/www.mpigne.ovh\/psycho\/informations-pratiques\/","title":{"rendered":"Informations pratiques"},"content":{"rendered":"\n<h2><strong>Horaires<\/strong><\/h2>\n\n\n\n<ul><li>mardi, mercredi, vendredi : 14h-20h<\/li><\/ul>\n\n\n\n<h2><strong>Rendez-vous<\/strong><\/h2>\n\n\n\n<p>Prise de rendez-vous par t\u00e9l\u00e9phone au 07 71 61 26 69 ou sur <a rel=\"noreferrer noopener\" href=\"https:\/\/www.doctolib.fr\/psychologue\/orleans\/mickael-pigne\" target=\"_blank\">doctolib<\/a> <\/p>\n\n\n\n<p>En cas d&rsquo;urgence psychiatrique (id\u00e9es suicidaires, id\u00e9es d\u00e9lirantes, attaque de panique, par exemple), vous pouvez consulter <a href=\"https:\/\/www.epsm-loiret.fr\/nos-activites\/urgences-psychiatriques\/\" target=\"_blank\" rel=\"noreferrer noopener\">le Centre Psychiatrique d&rsquo;Accueil D&rsquo;Urgence<\/a>, ouvert 24h\/24, 7j\/7.<\/p>\n\n\n\n<h2><strong>Tarifs<\/strong><\/h2>\n\n\n\n<ul><li>s\u00e9ance individuelle, plein tarif, 45 minutes : 50 euros<\/li><li>s\u00e9ance individuelle, tarif \u00e9tudiant ou ch\u00f4meur, 45 minutes : 40 euros<\/li><li>s\u00e9ance couple ou famille, tarif unique, 45 minutes : 70 euros<\/li><\/ul>\n\n\n\n<p class=\"has-text-align-center\"><span class=\"has-inline-color has-vivid-red-color\">Une s\u00e9ance non d\u00e9command\u00e9e 24h \u00e0 l&rsquo;avance est due<\/span><\/p>\n\n\n\n<p class=\"has-text-align-center\"><span class=\"has-inline-color has-vivid-red-color\">R\u00e8glement par esp\u00e8ce ou ch\u00e8que<\/span><\/p>\n\n\n\n<h2><strong>Adresse<\/strong><\/h2>\n\n\n\n<p><a href=\"https:\/\/www.google.fr\/maps\/place\/5+Rue+Vieille+Lev%C3%A9e,+45100+Orl%C3%A9ans\/@47.8933608,1.8986806,17z\/data=!3m1!4b1!4m5!3m4!1s0x47e4e4d8fefb3d81:0xe1ef56d85ade85bf!8m2!3d47.8933608!4d1.9008746\">3, rue de la br\u00e8che, 45100 Orl\u00e9ans<\/a><\/p>\n\n\n\n<p>rez-de-chauss\u00e9e, appartement 54 (premier \u00e0 gauche apr\u00e8s l&rsquo;entr\u00e9e)<\/p>\n\n\n\n<div class=\"wp-block-buttons\">\n<div class=\"wp-block-button\"><a class=\"wp-block-button__link\"><\/a><\/div>\n<\/div>\n\n\n\n<div class=\"wp-block-columns\">\n<div class=\"wp-block-column\" style=\"flex-basis:100%\">\n<div class=\"wp-block-group\"><div class=\"wp-block-group__inner-container\">\n<h2><strong>Contact <\/strong><\/h2>\n\n\n\n<ul><li>t\u00e9l\u00e9phone : 07 71 61 26 69<\/li><li>e-mail : mickael.pigne@gmail.com <\/li><\/ul>\n<\/div><\/div>\n<\/div>\n<\/div>\n","protected":false},"excerpt":{"rendered":"<p>Horaires mardi, mercredi, vendredi : 14h-20h Rendez-vous Prise de rendez-vous par t\u00e9l\u00e9phone au 07 71 61 26 69 ou sur doctolib En cas d&rsquo;urgence psychiatrique (id\u00e9es suicidaires, id\u00e9es d\u00e9lirantes, attaque de panique, par exemple), vous pouvez consulter le Centre Psychiatrique d&rsquo;Accueil D&rsquo;Urgence, ouvert 24h\/24, 7j\/7. Tarifs s\u00e9ance individuelle, plein tarif, 45 minutes : 50 euros &hellip; <\/p>\n<p class=\"link-more\"><a href=\"http:\/\/www.mpigne.ovh\/psycho\/informations-pratiques\/\" class=\"more-link\">Continuer la lecture<span class=\"screen-reader-text\"> de &laquo;&nbsp;Informations pratiques&nbsp;&raquo;<\/span><\/a><\/p>\n","protected":false},"author":1,"featured_media":0,"parent":0,"menu_order":0,"comment_status":"closed","ping_status":"closed","template":"","meta":[],"_links":{"self":[{"href":"http:\/\/www.mpigne.ovh\/psycho\/wp-json\/wp\/v2\/pages\/24"}],"collection":[{"href":"http:\/\/www.mpigne.ovh\/psycho\/wp-json\/wp\/v2\/pages"}],"about":[{"href":"http:\/\/www.mpigne.ovh\/psycho\/wp-json\/wp\/v2\/types\/page"}],"author":[{"embeddable":true,"href":"http:\/\/www.mpigne.ovh\/psycho\/wp-json\/wp\/v2\/users\/1"}],"replies":[{"embeddable":true,"href":"http:\/\/www.mpigne.ovh\/psycho\/wp-json\/wp\/v2\/comments?post=24"}],"version-history":[{"count":9,"href":"http:\/\/www.mpigne.ovh\/psycho\/wp-json\/wp\/v2\/pages\/24\/revisions"}],"predecessor-version":[{"id":77,"href":"http:\/\/www.mpigne.ovh\/psycho\/wp-json\/wp\/v2\/pages\/24\/revisions\/77"}],"wp:attachment":[{"href":"http:\/\/www.mpigne.ovh\/psycho\/wp-json\/wp\/v2\/media?parent=24"}],"curies":[{"name":"wp","href":"https:\/\/api.w.org\/{rel}","templated":true}]}}