{"id":50,"date":"2021-04-08T10:05:16","date_gmt":"2021-04-08T08:05:16","guid":{"rendered":"http:\/\/www.mpigne.ovh\/psycho\/?page_id=50"},"modified":"2021-05-14T17:25:00","modified_gmt":"2021-05-14T15:25:00","slug":"questions-sur-les-psychotherapies","status":"publish","type":"page","link":"http:\/\/www.mpigne.ovh\/psycho\/questions-sur-les-psychotherapies\/","title":{"rendered":"Questions sur les psychoth\u00e9rapies"},"content":{"rendered":"\n<p>Dans cette page, je r\u00e9ponds \u00e0 quelques questions que vous vous posez peut-\u00eatre sur les psychoth\u00e9rapies. <\/p>\n\n\n\n<p>Ces articles sont tr\u00e8s g\u00e9n\u00e9raux et n&rsquo;ont qu&rsquo;une vis\u00e9e d&rsquo;information. Ils ne permettent aucunement de r\u00e9gler, par leur simple lecture, une difficult\u00e9 psychologique. Si vous ressentez le besoin d&rsquo;\u00eatre aid\u00e9, prenez rendez-vous avec un psychologue.<\/p>\n","protected":false},"excerpt":{"rendered":"<p>Dans cette page, je r\u00e9ponds \u00e0 quelques questions que vous vous posez peut-\u00eatre sur les psychoth\u00e9rapies. Ces articles sont tr\u00e8s g\u00e9n\u00e9raux et n&rsquo;ont qu&rsquo;une vis\u00e9e d&rsquo;information. Ils ne permettent aucunement de r\u00e9gler, par leur simple lecture, une difficult\u00e9 psychologique. Si vous ressentez le besoin d&rsquo;\u00eatre aid\u00e9, prenez rendez-vous avec un psychologue.<\/p>\n","protected":false},"author":1,"featured_media":0,"parent":0,"menu_order":0,"comment_status":"closed","ping_status":"closed","template":"","meta":[],"_links":{"self":[{"href":"http:\/\/www.mpigne.ovh\/psycho\/wp-json\/wp\/v2\/pages\/50"}],"collection":[{"href":"http:\/\/www.mpigne.ovh\/psycho\/wp-json\/wp\/v2\/pages"}],"about":[{"href":"http:\/\/www.mpigne.ovh\/psycho\/wp-json\/wp\/v2\/types\/page"}],"author":[{"embeddable":true,"href":"http:\/\/www.mpigne.ovh\/psycho\/wp-json\/wp\/v2\/users\/1"}],"replies":[{"embeddable":true,"href":"http:\/\/www.mpigne.ovh\/psycho\/wp-json\/wp\/v2\/comments?post=50"}],"version-history":[{"count":3,"href":"http:\/\/www.mpigne.ovh\/psycho\/wp-json\/wp\/v2\/pages\/50\/revisions"}],"predecessor-version":[{"id":66,"href":"http:\/\/www.mpigne.ovh\/psycho\/wp-json\/wp\/v2\/pages\/50\/revisions\/66"}],"wp:attachment":[{"href":"http:\/\/www.mpigne.ovh\/psycho\/wp-json\/wp\/v2\/media?parent=50"}],"curies":[{"name":"wp","href":"https:\/\/api.w.org\/{rel}","templated":true}]}}